
{"id":4568,"date":"2025-07-28T05:08:14","date_gmt":"2025-07-28T03:08:14","guid":{"rendered":"https:\/\/staging.fiveguys.de\/allgemeine-geschaeftsbedingungen\/"},"modified":"2026-03-17T20:46:41","modified_gmt":"2026-03-17T19:46:41","slug":"allgemeine-geschaeftsbedingungen","status":"publish","type":"page","link":"https:\/\/www.fiveguys.de\/de\/allgemeine-geschaeftsbedingungen\/","title":{"rendered":"Allgemeine Gesch\u00e4ftsbedingungen"},"content":{"rendered":"\n<div class=\"hero-page-banner-block minimal wp-block-five-guys-blocks-hero-page-banner\" data-comname=\"hero-page-banner\">\n    <header \n        class=\"hero-page-banner section--has-paper-border\"\n        style=\"background-image: url(https:\/\/www.fiveguys.de\/wp-content\/themes\/five-guys\/assets\/img\/backgrounds\/hero-bkg-pattern.jpg); background-size: cover; background-position: center;\"\n        data-featured-image=\"\"\n        data-random-border-width=\"98rem\"\n    >\n        <div class=\"wrap wrap--wide\">\n                            <h1>Terms and Conditions<\/h1>\n                        \n                    <\/div>\n    <\/header>\n<\/div>\n\n<section class=\"section section--content section--medium is-header-disabled is-footer-disabled color-option-1\" data-random-border-width=\"98rem\" data-comname=\"section-content\"><div class=\"wrap wrap--normal\">\n<header class=\"section-header section-header--limited\">\n<h2 class=\"wp-block-heading\"><\/h2>\n<\/header>\n\n\n\n<div class=\"content-stack\">\n<h3 class=\"wp-block-heading\">Allgemeine Gesch\u00e4ftsbedingungen<\/h3>\n\n\n\n<h4 class=\"wp-block-heading\">WICHTIGER RECHTLICHER HINWEIS<\/h4>\n\n\n\n<p>Diese Seite (zusammen mit unserer Datenschutzrichtlinie und unserer Cookies-Richtlinie) regelt die Bedingungen (\u201eWebseite Terms\u201c) zu denen wir, FiveGuys GmbH (\u201eFive Guys\u201c) unsere Leistungen auf dieser Webseite (\u201ewww.fiveguys.de\u201c) und auf jeder anderen mobilen Anwendung von Five Guys, welche Ihnen den Zugang zu dieser Webseite oder unseren sonstigen Dienstleistungen (zusammen \u201eWebseite\u201c) erm\u00f6glicht, anbieten. Bitte lesen Sie diese Webseite Terms sorgf\u00e4ltig, da die Benutzung der Webseite und der Kauf von s\u00e4mtlichen Produkten, die auf dieser Webseite angeboten werden, sich nach diesen Webseite Terms richtet. Bitte realisieren Sie, dass, sofern Sie Produkte \u00fcber diese Webseite (jetzt oder in der Zukunft) ordern, Sie damit Ihr Einverst\u00e4ndnis mit der Geltung der Webseite Terms erkl\u00e4ren. Wir behalten uns vor, diese Webseite Terms von Zeit zu Zeit zu \u00e4ndern. Die aktuelle Version stammt vom LineTen Ltd, 235 Old Marylebone Road, London, NW1 5QT<\/p>\n\n\n\n<p>S\u00e4mtliche pers\u00f6nlichen Daten, die mittels dieser Webseite uns zur Verf\u00fcgung gestellt werden, unterliegen den Regelungen unserer Datenschutzrichtlinie und unserer Cookiesrichtlinie.<\/p>\n\n\n\n<h4 class=\"wp-block-heading\">1. EINF\u00dcHRUNG UND UNSERE ROLLE<\/h4>\n\n\n\n<p>Five Guys GmbH<br\/>Neumannstr. 10<br\/>D\u00a0\u2013 40235 D\u00fcsseldorf<br\/>Sitz der Gesellschaft: D\u00fcsseldorf,<br\/>Gesch\u00e4ftsf\u00fchrende Direktoren: J\u00f6rg Gilcher\/John Haden Eckbert,<br\/>Eingetragen im Handelsregister des Amtsgerichts D\u00fcsseldorf unter HRB 79860<\/p>\n\n\n\n<p>1.1. Five Guys GmbH Umsatzsteuernummer ist DE 311238217.<\/p>\n\n\n\n<p>1.2. Sie sind selbst daf\u00fcr verantwortlich, dass Sie alle Voraussetzungen f\u00fcr Ihren Zugang zu unserer Webseite zu erf\u00fcllen. Sie sind des Weiteren verantwortlich daf\u00fcr, dass alle Personen, die Zugang zu unserer Webseite mittels Ihrer Internetverbindung haben, diese Webseite Terms kennen und sich an diese halten.<\/p>\n\n\n\n<h4 class=\"wp-block-heading\">2. WIE MAN EINE BESTELLUNG AUFGIBT UND WIE DIESE BEARBEITET WIRD<\/h4>\n\n\n\n<p>2.1. Sobald Sie Ihre Bestellung aus dem Men\u00fc ausgew\u00e4hlt haben, wird Ihnen die M\u00f6glichkeit einger\u00e4umt, Ihre Bestellung abzusenden und zum Zahlungsprozess zu wechseln, in dem Sie auf \u201ebearbeiten\u201c oder \u201ef\u00fchren Sie meine Bestellung aus\u201c oder einen vergleichbaren Button klicken. Bitte beachten Sie, dass es wichtig ist, dass Sie die Informationen, die Sie eingeben, zuvor \u00fcberpr\u00fcfen und alle Fehler korrigieren, bevor Sie auf diesen Button dr\u00fccken. Sobald Sie auf den Button gedr\u00fcckt haben, k\u00f6nnen Fehler nicht mehr korrigiert werden.<\/p>\n\n\n\n<p>2.2. Alle Bestellungen m\u00fcssen vollst\u00e4ndig bezahlt werden, bevor sie an Five Guys GmbH weitergeleitet werden. Zahlung der Bestellung erfolgt durch Kreditkarte, wie auf dieser Webseite beschrieben wird.<\/p>\n\n\n\n<p>2.3. Die Preise entsprechen denen, die auf dieser Webseite wiedergegeben werden. Die Preise sind inklusive Umsatzsteuer.<\/p>\n\n\n\n<p>2.4. Bitte beachten Sie, dass es manchmal Verz\u00f6gerungen mit der Abwicklung der Zahlungsauftr\u00e4ge und \u00dcberweisungen gibt; gelegentlich f\u00fchrt dies dazu, dass der Zahlbetrag erst bis zu 60 Tage nach der Bestellung von Ihrem Bankkonto abgebucht oder auf Ihrer Kreditkarte belastet wird.<\/p>\n\n\n\n<p>2.5. Five Guys GmbH wird mit der Bearbeitung Ihrer Bestellung beginnen, sobald Five Guys GmbH diese Bestellung und eine Bezahlungsbest\u00e4tigung erhalten hatten. Wir werden Ihnen eine Nachricht per E-Mail zukommen lassen, dass Ihre Bestellung empfangen wurde und nun bearbeitet wird.<\/p>\n\n\n\n<p>2.6. Wenn Ihre Zahlung nicht autorisiert wird, werden Sie automatisch auf die vorherige Seite der Webseite wieder zur\u00fcck geleitet und wir sind nicht verpflichtet, die Bestellung zu bearbeiten.<\/p>\n\n\n\n<p>2.7. Bitte beachten Sie, dass, wenn Sie einmal Ihre Bestellung abgeschickt haben und Ihre Bezahlung autorisiert wurde, Sie nicht mehr in der Lage sind, Ihre Bestellung zu stoppen oder eine R\u00fcckerstattung des gezahlten Betrages zu verlangen.<\/p>\n\n\n\n<h4 class=\"wp-block-heading\">3. LIZENZ<\/h4>\n\n\n\n<p>3.1. Sie haben die Erlaubnis, Teile der Webseite f\u00fcr Ihren pers\u00f6nlichen Gebrauch herunter zu laden und auszudrucken auf der Basis der folgenden Bedingungen:<\/p>\n\n\n\n<p>3.1.1. Sofern nichts anderes ausdr\u00fccklich gesagt wird, liegen die Urheberrechte und die anderen Rechte zum Schutz des geistigen Eigentums hinsichtlich der Inhalte dieser Homepage und der dort wiedergegebenen Materialien (insbesondere inklusive der dort wiedergegebenen Fotografien und Grafiken) bei der Five Guys GmbH oder den Lizenzgebern der Five Guys GmbH. Diese Materialien und Inhalte sind durch Urheberrechte und entsprechende Vertr\u00e4ge weltweit gesch\u00fctzt und alle Rechte sind vorbehalten. Die durch das Urheberrecht und die Rechte zum geistigen Eigentum gesch\u00fctzten Inhalte und Materialien d\u00fcrfen nur nach Ma\u00dfgabe dieser Ziffer 4.1 verwendet werden.<\/p>\n\n\n\n<p>3.1.2. Es ist verboten, digitale oder ausgedruckte Papierkopien der auf der Homepage zur Verf\u00fcgung gestellten Materialien in irgendeiner Form zu bearbeiten und es ist verboten dort wiedergegebene Bilder, Fotografien oder irgendwelche anderen Grafiken, Videos oder Tonsequenzen in anderer Form als in dem auf der Webseite wiedergegebenen Gesamtzusammenhang zu verwenden.<\/p>\n\n\n\n<p>3.1.3. Sie m\u00fcssen darauf achten, dass die Stellung der Five Guys GmbH als Urheber des auf der Webseite wiedergegebenen Materials stetig beachtet wird.<\/p>\n\n\n\n<p>3.1.4. Es ist verboten, das auf der Webseite ver\u00f6ffentliche Material sowie die Webseite selber f\u00fcr kommerzielle Zwecke zu nutzen, oder f\u00fcr solche Zwecke an Dritte Parteien weiter zu leiten, ohne zuvor eine entsprechende Lizenz von der Five Guys GmbH erhalten zu haben.<\/p>\n\n\n\n<p>3.2. Vorbehaltlich der Regelung in \u00a7 4.1 ist es ohne vorherige schriftliche Zustimmung seitens der Five Guys GmbH verboten, die Webseite insgesamt oder Teile der Webseite zu reproduzieren oder auf einer anderen Webseite oder einem privaten oder \u00f6ffentlichen Speichermedium zu lagern.<\/p>\n\n\n\n<h4 class=\"wp-block-heading\">4. ZUGANG ZU DEN DIENSTLEISTUNGEN<\/h4>\n\n\n\n<p>4.1. Obwohl sich die Five Guys GmbH darum bem\u00fcht, dass die Webseite 24 Stunden pro Tag zur Verf\u00fcgung steht, \u00fcbernimmt Five Guys GmbH keine Haftung daf\u00fcr, dass die Webseite dauernd oder in einem bestimmten Zeitraum verf\u00fcgbar ist.<\/p>\n\n\n\n<p>4.2. Der Zugang zu dieser Webseite kann ohne vorherige Mitteilung zeitweise blockiert werden.<\/p>\n\n\n\n<p>4.3. Ungl\u00fccklicherweise ist die \u00dcbertragung von Informationen via Internet kein vollst\u00e4ndig sicheres System. Obwohl Five Guys GmbH sich darum bem\u00fchen wird, Ihre Informationen zu sch\u00fctzen, kann Five Guys GmbH nicht die Sicherheit der mittels Webseite \u00fcbertragenen Daten garantieren; jegliche \u00dcbermittlung von Daten an Five Guys GmbH erfolgt deswegen auf Ihr eigenes Risiko.<\/p>\n\n\n\n<h4 class=\"wp-block-heading\">5. GRENZEN DER VERANTWORTLICHKEIT VON FIVE GUYS GMBH<\/h4>\n\n\n\n<p>5.1. Five Guys GmbH wird sich darum bem\u00fchen, die auf der Webseite eingestellten Informationen korrekt darzustellen. Eine Verantwortung kann die Five Guys GmbH allerdings nur f\u00fcr vors\u00e4tzlich oder grob fahrl\u00e4ssig falsch bearbeitete Angaben \u00fcbernehmen. Five Guys GmbH beh\u00e4lt sich das Recht vor, den Inhalt der Webseite sowie die dort angebotenen Dienstleistungen und Preise einseitig ohne vorherige Ank\u00fcndigung zu \u00e4ndern. \u00c4nderungen der Webseite werden mit Ihrer Abrufbarkeit verbindlich f\u00fcr beide Parteien. Insbesondere sind die bei der Abgabe der Bestellung auf der Webseite aktuell angegebenen Preise verbindlich.<\/p>\n\n\n\n<p>5.2. Five Guys GmbH gew\u00e4hrt den Zugang zu der Webseite und den darauf angebotenen Dienstleistungen nur mit der Ma\u00dfgabe, dass die Haftungsbegrenzung nach nachstehender Ziffer 8 akzeptiert wird.<\/p>\n\n\n\n<p>5.3. Sie sind verantwortlich f\u00fcr die Sicherheit des von Ihnen ausgesuchten Passwortes f\u00fcr die Registrierung auf dieser Webseite. Sofern nicht die Five Guys GmbH grob fahrl\u00e4ssig Ihr Passwort gegen\u00fcber Dritten ver\u00f6ffentlicht, ist eine Haftung der Five Guys GmbH f\u00fcr unter Nutzung des Passwortes und Ihres Accounts durchgef\u00fchrte Transaktionen ausgeschlossen.<\/p>\n\n\n\n<h4 class=\"wp-block-heading\">6. K\u00dcNDIGUNG<\/h4>\n\n\n\n<p>6.1. Five Guys GmbH kann Ihr Recht auf Zugang zu der Webseite und zur Nutzung der dort angebotenen Leistungen ohne Ihre vorherige Benachrichtigung einschr\u00e4nken oder ausschlie\u00dfen, wenn die Five Guys GmbH nachweislich glaubt, dass Sie eine wesentliche Bestimmung dieser Webseite Terms verletzt haben.<\/p>\n\n\n\n<p>6.2 Im Falle der Beendigung oder vor\u00fcbergehenden Aussetzung des Zugangs zu der Webseite der Five Guys GmbH sind Sie verpflichtet, down geloadete oder ausgedruckte Wiedergaben der Webseite auf Ihre eigenen Kosten zu vernichten.<\/p>\n\n\n\n<h4 class=\"wp-block-heading\">7. HAFTUNG<\/h4>\n\n\n\n<p>7.1. Die Haftung der Five Guys GmbH f\u00fcr sich, Ihre Organe, Erf\u00fcllungs- und Verrichtungsgehilfen gegen\u00fcber Nutzern der Webseite und Dritten f\u00fcr die darauf angebotenen Dienste und\/oder Materialien sowie die dort mitgeteilten Informationen ist auf einen Betrag in H\u00f6he von 100,00 \u20ac je Einzelfall begrenzt. Die Haftung f\u00fcr indirekte Sch\u00e4den, Folgesch\u00e4den, Verlust an Reputation und den Verlust von Daten wird ausgeschlossen, genauso wie die Haftung f\u00fcr Sch\u00e4den, die daraus resultieren, dass der Zugang zu der Webseite der Five Guys GmbH ausgeschlossen oder behindert wird.<\/p>\n\n\n\n<p>7.2. Vorstehende in Ziffer 8.1 normierte Haftungsbeschr\u00e4nkungen gelten nicht f\u00fcr den Fall einer vors\u00e4tzlichen oder grob fahrl\u00e4ssigen Herbeif\u00fchrung des Schadens durch die Five Guys GmbH sowie in jedem Fall der schuldhaften Verletzung von K\u00f6rper und Gesundheit eines Nutzers oder Dritten.<\/p>\n\n\n\n<p>7.3. Sch\u00e4den an der von dem Nutzer verwendeten Software oder Hardware aufgrund der Herstellung einer Verbindung zu der Webseite der Five Guys GmbH werden nicht erstattet.<\/p>\n\n\n\n<p>7.4. Verzugssch\u00e4den werden nicht ersetzt, es sei denn, dass der Nutzer das Risiko der Verwirklichung eines nicht unerheblichen Schadens schriftlich zuvor angek\u00fcndigt hatte.<\/p>\n\n\n\n<h4 class=\"wp-block-heading\">8. RECHTSGRUNDLAGE<\/h4>\n\n\n\n<p>Die Regelungen dieser Webseite sowie die Erbringung der auf der Webseite der Five Guys GmbH angebotenen Dienste unterliegt deutschem Recht. Rechtsstreitigkeiten sind vor den staatlichen Gerichten in D\u00fcsseldorf auszutragen.<\/p>\n\n\n\n<h4 class=\"wp-block-heading\">9. ZUS\u00c4TZLICHE REGELUNGEN<\/h4>\n\n\n\n<p>9.1. Wir kennen unsere Verpflichtung zum Schutz Ihrer Daten. Alle pers\u00f6nlichen Daten, die wir auf unseren Webseiten sammeln, werden im Einklang mit unserer Datenschutzrichtlinie verarbeitet und gespeichert.<\/p>\n\n\n\n<p>9.2 Sofern eine Bestimmung oder ein Teil einer Bestimmung dieser Webseite Terms von einem Gericht f\u00fcr ung\u00fcltig oder nicht vollstreckbar erkl\u00e4rt, ber\u00fchrt dies die Wirksamkeit und Vollstreckbarkeit der verbleibenden Vorschriften dieser Webseite Terms nicht. Diese finden uneingeschr\u00e4nkt Anwendung.<\/p>\n\n\n\n<p>9.3. Die verz\u00f6gerte oder unterlassene Durchsetzung einzelner Rechtspositionen, die aus den Bestimmungen dieser Webseite Terms herr\u00fchren, hat nicht den Verlust oder die Einschr\u00e4nkung der auf dieser Webseite niedergelegten Rechte zur Folge.<\/p>\n\n\n\n<p>9.4. Die Ihnen auf dieser Webseite einger\u00e4umten Rechte sind ohne schriftliche Zustimmung der Five Guys GmbH nicht auf Dritte \u00fcbertragbar. Five Guys GmbH kann die nach diesen Webseite Terms ihr zustehenden Rechte ohne vorherige Zustimmung auf Gesellschaften \u00fcbertragen, mit denen sie ein Joint Venture eingegangen ist, von denen sie gekauft wurde oder die sie gekauft hat.<\/p>\n\n\n\n<p>9.5. Die \u00dcberschriften in diesen Webseite Terms dienen lediglich der \u00dcbersichtlichkeit und sollen nicht zur Interpretation der einzelnen Regelungen herangezogen werden.<\/p>\n\n\n\n<h4 class=\"wp-block-heading\">10. STATUS<\/h4>\n\n\n\n<p>Mittels der Erkl\u00e4rung durch die Sie eine Bestellung auf einer der Webseiten der Five Guys GmbH platzieren, erkl\u00e4ren Sie gleichzeitig, dass Sie gesch\u00e4ftsf\u00e4hig und mindestens 18 Jahre alt sind.<\/p>\n\n\n\n<h4 class=\"wp-block-heading\">11. KOMMUNIKATION<\/h4>\n\n\n\n<p>In dem Sie unsere Webseite nutzen oder Dienstleistungen auf unserer Webseite bestellen, akzeptieren Sie, dass die Kommunikation mit uns im Wesentlichen auf elektronischem Wege stattfindet. Wir werden den Kontakt mit Ihnen im Wesentlichen durch die Versendung von E-Mails oder durch die Einstellung der Informationen auf unserer Webseite pflegen. Solange keine zwingenden gesetzlichen strengeren Formvorschriften einschl\u00e4gig sind, erkl\u00e4ren Sie sich damit einverstanden, dass eventuelle Formvorschriften durch die Verwendung von E-Mails oder Einstellung der Nachrichten auf der Webseite gewahrt wird.<\/p>\n\n\n\n<h4 class=\"wp-block-heading\">12. H\u00d6HERE GEWALT<\/h4>\n\n\n\n<p>12.1. Wir sind nicht verantwortlich f\u00fcr einen Verzug mit der Erbringung unserer Leistungen oder eine schlechte Leistung in F\u00e4llen, in denen dies auf einem Ereignis au\u00dferhalb unserer vern\u00fcnftigen Einwirkungsm\u00f6glichkeiten beruht (\u201eForce majeure\u201c).<\/p>\n\n\n\n<p>12.2. Force majeure-Ereignisse umfassen Handlungen, Unterlassungen oder Duldungen au\u00dferhalb unseres Einwirkungsbereiches und umfassen insbesondere (ohne darauf beschr\u00e4nkt zu sein) die folgenden Ereignisse:<\/p>\n\n\n\n<p>a) Streiks oder Ausschl\u00fcsse;<br\/>b) Aufruhr, Unruhen, Invasionen, Terroristenattacken oder die Bedrohung mit Terroristenattacken, Kriege oder das Drohen mit Kriegen oder Vorbereitungen von Kriegen oder kriegerischen Handlungen;<br\/>c) Feuer, Explosionen, Sturm, Fluten, Erdbeben, Epidemien, Erdrutsche oder sonstige Naturkatastrophen;<br\/>d) Die Unm\u00f6glichkeit der Nutzung von Z\u00fcgen, Schiffen, Flugzeugen, Kraftfahrzeugen oder anderen Mitteln des \u00f6ffentlichen oder privaten Transports;<br\/>e) Die Unm\u00f6glichkeit der Nutzung von \u00fcblichen Telekommunikationsnetzwerken (privat oder \u00f6ffentlich), Handlungen, Erlasse, Gesetze, Beschr\u00e4nkungen oder Blockaden von staatlichen Stellen oder Regierungen.<\/p>\n\n\n\n<p>12.3. Unsere Leistungspflicht unter jedwedem Vertrag gilt als ausgesetzt f\u00fcr die Zeit in der das Force majeure-Ereignis andauert. Wir haben einen Anspruch auf Verl\u00e4ngerung der Lieferpflichten f\u00fcr die Dauer des Force majeure-Ereignisses. Nichts desto weniger werden wir Anstrengungen unternehmen, um trotz des bestehenden Force majeure-Ereignisses eine L\u00f6sung zu finden, dass wir unsere Vertragspflichten trotzdem erf\u00fcllen k\u00f6nnen oder das Force majeure-Ereignis beenden. \u00c4nderungen bed\u00fcrfen der Schriftform. \u00c4nderungen bed\u00fcrfen der Schriftform.<\/p>\n\n\n\n<h4 class=\"wp-block-heading\">13. GESAMTE VEREINBARUNG<\/h4>\n\n\n\n<p>Diese Webseite Terms einschlie\u00dflich der Datenschutzrichtlinie stellen die gesamten vertraglichen Vereinbarungen zwischen Five Guys GmbH und dem jeweiligen Nutzer dar und ersetzen alle zuvor getroffenen Diskussionen, Korrespondenz, Verhandlungen und Vereinbarungen.<\/p>\n<\/div>\n\n\n\n<footer class=\"section-footer section-header--limited\">\n<p><\/p>\n<\/footer>\n<\/div><\/section>\n","protected":false},"excerpt":{"rendered":"","protected":false},"author":7,"featured_media":0,"parent":0,"menu_order":50,"comment_status":"closed","ping_status":"closed","template":"","meta":{"_acf_changed":false,"footnotes":"","_wp_rev_ctl_limit":""},"class_list":["post-4568","page","type-page","status-publish","hentry"],"acf":[],"yoast_head":"<!-- This site is optimized with the Yoast SEO plugin v27.5 - https:\/\/yoast.com\/product\/yoast-seo-wordpress\/ -->\n<title>Allgemeine Gesch\u00e4ftsbedingungen | Five Guys<\/title>\n<meta name=\"description\" content=\"Lies die Bedingungen, die f\u00fcr die Nutzung der Webseite, App und digitalen Dienste von Five Guys gelten, einschlie\u00dflich deiner Rechte und Verantwortlichkeiten.\" \/>\n<meta name=\"robots\" content=\"index, follow, max-snippet:-1, max-image-preview:large, max-video-preview:-1\" \/>\n<link rel=\"canonical\" href=\"https:\/\/www.fiveguys.de\/de\/allgemeine-geschaeftsbedingungen\/\" \/>\n<meta property=\"og:locale\" content=\"de_DE\" \/>\n<meta property=\"og:type\" content=\"article\" \/>\n<meta property=\"og:title\" content=\"Allgemeine Gesch\u00e4ftsbedingungen | Five Guys\" \/>\n<meta property=\"og:description\" content=\"Lies die Bedingungen, die f\u00fcr die Nutzung der Webseite, App und digitalen Dienste von Five Guys gelten, einschlie\u00dflich deiner Rechte und Verantwortlichkeiten.\" \/>\n<meta property=\"og:url\" content=\"https:\/\/www.fiveguys.de\/de\/allgemeine-geschaeftsbedingungen\/\" \/>\n<meta property=\"og:site_name\" content=\"Five Guys\" \/>\n<meta property=\"article:publisher\" content=\"https:\/\/www.facebook.com\/fiveguys\/\" \/>\n<meta property=\"article:modified_time\" content=\"2026-03-17T19:46:41+00:00\" \/>\n<meta name=\"twitter:card\" content=\"summary_large_image\" \/>\n<meta name=\"twitter:site\" content=\"@FiveGuys\" \/>\n<meta name=\"twitter:label1\" content=\"Gesch\u00e4tzte Lesezeit\" \/>\n\t<meta name=\"twitter:data1\" content=\"10\u00a0Minuten\" \/>\n<script type=\"application\/ld+json\" class=\"yoast-schema-graph\">{\"@context\":\"https:\\\/\\\/schema.org\",\"@graph\":[{\"@type\":\"WebPage\",\"@id\":\"https:\\\/\\\/www.fiveguys.de\\\/de\\\/allgemeine-geschaeftsbedingungen\\\/\",\"url\":\"https:\\\/\\\/www.fiveguys.de\\\/de\\\/allgemeine-geschaeftsbedingungen\\\/\",\"name\":\"Allgemeine Gesch\u00e4ftsbedingungen | Five Guys\",\"isPartOf\":{\"@id\":\"https:\\\/\\\/www.fiveguys.de\\\/de\\\/#website\"},\"datePublished\":\"2025-07-28T03:08:14+00:00\",\"dateModified\":\"2026-03-17T19:46:41+00:00\",\"description\":\"Lies die Bedingungen, die f\u00fcr die Nutzung der Webseite, App und digitalen Dienste von Five Guys gelten, einschlie\u00dflich deiner Rechte und Verantwortlichkeiten.\",\"breadcrumb\":{\"@id\":\"https:\\\/\\\/www.fiveguys.de\\\/de\\\/allgemeine-geschaeftsbedingungen\\\/#breadcrumb\"},\"inLanguage\":\"de\",\"potentialAction\":[{\"@type\":\"ReadAction\",\"target\":[\"https:\\\/\\\/www.fiveguys.de\\\/de\\\/allgemeine-geschaeftsbedingungen\\\/\"]}]},{\"@type\":\"BreadcrumbList\",\"@id\":\"https:\\\/\\\/www.fiveguys.de\\\/de\\\/allgemeine-geschaeftsbedingungen\\\/#breadcrumb\",\"itemListElement\":[{\"@type\":\"ListItem\",\"position\":1,\"name\":\"Home\",\"item\":\"https:\\\/\\\/www.fiveguys.de\\\/de\\\/\"},{\"@type\":\"ListItem\",\"position\":2,\"name\":\"Allgemeine Gesch\u00e4ftsbedingungen\"}]},{\"@type\":\"WebSite\",\"@id\":\"https:\\\/\\\/www.fiveguys.de\\\/de\\\/#website\",\"url\":\"https:\\\/\\\/www.fiveguys.de\\\/de\\\/\",\"name\":\"Five Guys\",\"description\":\"Fresh Burgers, Fries, Shakes &amp; More!\",\"publisher\":{\"@id\":\"https:\\\/\\\/www.fiveguys.de\\\/de\\\/#organization\"},\"potentialAction\":[{\"@type\":\"SearchAction\",\"target\":{\"@type\":\"EntryPoint\",\"urlTemplate\":\"https:\\\/\\\/www.fiveguys.de\\\/de\\\/?s={search_term_string}\"},\"query-input\":{\"@type\":\"PropertyValueSpecification\",\"valueRequired\":true,\"valueName\":\"search_term_string\"}}],\"inLanguage\":\"de\"},{\"@type\":\"Organization\",\"@id\":\"https:\\\/\\\/www.fiveguys.de\\\/de\\\/#organization\",\"name\":\"Five Guys Enterprises, LLC\",\"alternateName\":\"Five Guys\",\"url\":\"https:\\\/\\\/www.fiveguys.de\\\/de\\\/\",\"logo\":{\"@type\":\"ImageObject\",\"inLanguage\":\"de\",\"@id\":\"https:\\\/\\\/www.fiveguys.de\\\/de\\\/#\\\/schema\\\/logo\\\/image\\\/\",\"url\":\"https:\\\/\\\/media.fiveguys.com\\\/us\\\/2024\\\/10\\\/favicon.png\",\"contentUrl\":\"https:\\\/\\\/media.fiveguys.com\\\/us\\\/2024\\\/10\\\/favicon.png\",\"width\":512,\"height\":512,\"caption\":\"Five Guys Enterprises, LLC\"},\"image\":{\"@id\":\"https:\\\/\\\/www.fiveguys.de\\\/de\\\/#\\\/schema\\\/logo\\\/image\\\/\"},\"sameAs\":[\"https:\\\/\\\/www.facebook.com\\\/fiveguys\\\/\",\"https:\\\/\\\/x.com\\\/FiveGuys\",\"https:\\\/\\\/open.spotify.com\\\/user\\\/xhjybu9z8yg6jucgxua7dhmqo\",\"https:\\\/\\\/www.instagram.com\\\/fiveguys\\\/\",\"https:\\\/\\\/www.linkedin.com\\\/company\\\/five-guys-enterprises\",\"https:\\\/\\\/www.youtube.com\\\/channel\\\/UCnPsCURqHlcoRt-Vr7nEaEg\"]}]}<\/script>\n<!-- \/ Yoast SEO plugin. -->","yoast_head_json":{"title":"Allgemeine Gesch\u00e4ftsbedingungen | Five Guys","description":"Lies die Bedingungen, die f\u00fcr die Nutzung der Webseite, App und digitalen Dienste von Five Guys gelten, einschlie\u00dflich deiner Rechte und Verantwortlichkeiten.","robots":{"index":"index","follow":"follow","max-snippet":"max-snippet:-1","max-image-preview":"max-image-preview:large","max-video-preview":"max-video-preview:-1"},"canonical":"https:\/\/www.fiveguys.de\/de\/allgemeine-geschaeftsbedingungen\/","og_locale":"de_DE","og_type":"article","og_title":"Allgemeine Gesch\u00e4ftsbedingungen | Five Guys","og_description":"Lies die Bedingungen, die f\u00fcr die Nutzung der Webseite, App und digitalen Dienste von Five Guys gelten, einschlie\u00dflich deiner Rechte und Verantwortlichkeiten.","og_url":"https:\/\/www.fiveguys.de\/de\/allgemeine-geschaeftsbedingungen\/","og_site_name":"Five Guys","article_publisher":"https:\/\/www.facebook.com\/fiveguys\/","article_modified_time":"2026-03-17T19:46:41+00:00","twitter_card":"summary_large_image","twitter_site":"@FiveGuys","twitter_misc":{"Gesch\u00e4tzte Lesezeit":"10\u00a0Minuten"},"schema":{"@context":"https:\/\/schema.org","@graph":[{"@type":"WebPage","@id":"https:\/\/www.fiveguys.de\/de\/allgemeine-geschaeftsbedingungen\/","url":"https:\/\/www.fiveguys.de\/de\/allgemeine-geschaeftsbedingungen\/","name":"Allgemeine Gesch\u00e4ftsbedingungen | Five Guys","isPartOf":{"@id":"https:\/\/www.fiveguys.de\/de\/#website"},"datePublished":"2025-07-28T03:08:14+00:00","dateModified":"2026-03-17T19:46:41+00:00","description":"Lies die Bedingungen, die f\u00fcr die Nutzung der Webseite, App und digitalen Dienste von Five Guys gelten, einschlie\u00dflich deiner Rechte und Verantwortlichkeiten.","breadcrumb":{"@id":"https:\/\/www.fiveguys.de\/de\/allgemeine-geschaeftsbedingungen\/#breadcrumb"},"inLanguage":"de","potentialAction":[{"@type":"ReadAction","target":["https:\/\/www.fiveguys.de\/de\/allgemeine-geschaeftsbedingungen\/"]}]},{"@type":"BreadcrumbList","@id":"https:\/\/www.fiveguys.de\/de\/allgemeine-geschaeftsbedingungen\/#breadcrumb","itemListElement":[{"@type":"ListItem","position":1,"name":"Home","item":"https:\/\/www.fiveguys.de\/de\/"},{"@type":"ListItem","position":2,"name":"Allgemeine Gesch\u00e4ftsbedingungen"}]},{"@type":"WebSite","@id":"https:\/\/www.fiveguys.de\/de\/#website","url":"https:\/\/www.fiveguys.de\/de\/","name":"Five Guys","description":"Fresh Burgers, Fries, Shakes &amp; More!","publisher":{"@id":"https:\/\/www.fiveguys.de\/de\/#organization"},"potentialAction":[{"@type":"SearchAction","target":{"@type":"EntryPoint","urlTemplate":"https:\/\/www.fiveguys.de\/de\/?s={search_term_string}"},"query-input":{"@type":"PropertyValueSpecification","valueRequired":true,"valueName":"search_term_string"}}],"inLanguage":"de"},{"@type":"Organization","@id":"https:\/\/www.fiveguys.de\/de\/#organization","name":"Five Guys Enterprises, LLC","alternateName":"Five Guys","url":"https:\/\/www.fiveguys.de\/de\/","logo":{"@type":"ImageObject","inLanguage":"de","@id":"https:\/\/www.fiveguys.de\/de\/#\/schema\/logo\/image\/","url":"https:\/\/media.fiveguys.com\/us\/2024\/10\/favicon.png","contentUrl":"https:\/\/media.fiveguys.com\/us\/2024\/10\/favicon.png","width":512,"height":512,"caption":"Five Guys Enterprises, LLC"},"image":{"@id":"https:\/\/www.fiveguys.de\/de\/#\/schema\/logo\/image\/"},"sameAs":["https:\/\/www.facebook.com\/fiveguys\/","https:\/\/x.com\/FiveGuys","https:\/\/open.spotify.com\/user\/xhjybu9z8yg6jucgxua7dhmqo","https:\/\/www.instagram.com\/fiveguys\/","https:\/\/www.linkedin.com\/company\/five-guys-enterprises","https:\/\/www.youtube.com\/channel\/UCnPsCURqHlcoRt-Vr7nEaEg"]}]}},"_links":{"self":[{"href":"https:\/\/www.fiveguys.de\/de\/wp-json\/wp\/v2\/pages\/4568","targetHints":{"allow":["GET"]}}],"collection":[{"href":"https:\/\/www.fiveguys.de\/de\/wp-json\/wp\/v2\/pages"}],"about":[{"href":"https:\/\/www.fiveguys.de\/de\/wp-json\/wp\/v2\/types\/page"}],"author":[{"embeddable":true,"href":"https:\/\/www.fiveguys.de\/de\/wp-json\/wp\/v2\/users\/7"}],"replies":[{"embeddable":true,"href":"https:\/\/www.fiveguys.de\/de\/wp-json\/wp\/v2\/comments?post=4568"}],"version-history":[{"count":1,"href":"https:\/\/www.fiveguys.de\/de\/wp-json\/wp\/v2\/pages\/4568\/revisions"}],"predecessor-version":[{"id":4569,"href":"https:\/\/www.fiveguys.de\/de\/wp-json\/wp\/v2\/pages\/4568\/revisions\/4569"}],"wp:attachment":[{"href":"https:\/\/www.fiveguys.de\/de\/wp-json\/wp\/v2\/media?parent=4568"}],"curies":[{"name":"wp","href":"https:\/\/api.w.org\/{rel}","templated":true}]}}