
{"id":4691,"date":"2025-05-06T11:14:38","date_gmt":"2025-05-06T09:14:38","guid":{"rendered":"https:\/\/staging.fiveguys.de\/online-bestellen\/"},"modified":"2026-03-17T20:49:02","modified_gmt":"2026-03-17T19:49:02","slug":"online-bestellen","status":"publish","type":"page","link":"https:\/\/www.fiveguys.de\/de\/online-bestellen\/","title":{"rendered":"Online bestellen"},"content":{"rendered":"\n<header class=\"hero-media-banner hero-media-banner--media-fit-contain hero-media-banner--media-align-center hero-media-banner--bkg-red section--has-paper-border\" data-random-border-width=\"98rem\" data-comname=\"hero-media-banner\"><div class=\"wrap wrap--wide\"><div class=\"l-media-banner\"><div class=\"l-media-banner-body\">\n<header class=\"hero-header section-header--limited\">\n<h1 class=\"wp-block-heading\">Five Guys Online-Bestellung\u2028<\/h1>\n<\/header>\n\n\n\n<div class=\"hero-content\">\n<p class=\"is-style-p-lead\">Online bestellen und den Hunger auf Five<br\/>Guys schnell stillen.<\/p>\n\n\n\n<div class=\"wp-block-buttons is-layout-flex wp-block-buttons-is-layout-flex\">\n<div class=\"wp-block-button is-style-button--order-icon\"><a class=\"wp-block-button__link wp-element-button\" href=\"https:\/\/order.fiveguys.de\/findpostcode\">Jetzt bestellen<\/a><\/div>\n<\/div>\n<\/div>\n<\/div><\/div><\/div><div class=\"l-media-banner-bkg\"><div class=\"hero-media-banner-bkg\"><img loading=\"lazy\" decoding=\"async\" class=\"hero-media-banner-bkg-image--desktop wp-image wp-image-3165\" src=\"https:\/\/www.fiveguys.de\/wp-content\/uploads\/sites\/33\/2025\/09\/bag-cup.png\" width=\"1087\" height=\"625\" alt=\"\" srcset=\"https:\/\/www.fiveguys.de\/wp-content\/uploads\/sites\/33\/2025\/09\/bag-cup.png 1087w, https:\/\/www.fiveguys.de\/wp-content\/uploads\/sites\/33\/2025\/09\/bag-cup-300x172.png 300w, https:\/\/www.fiveguys.de\/wp-content\/uploads\/sites\/33\/2025\/09\/bag-cup-1024x589.png 1024w, https:\/\/www.fiveguys.de\/wp-content\/uploads\/sites\/33\/2025\/09\/bag-cup-768x442.png 768w\" sizes=\"auto, (max-width: 1087px) 100vw, 1087px\" \/><img loading=\"lazy\" decoding=\"async\" class=\"hero-media-banner-bkg-image--mobile wp-image wp-image-3167\" src=\"https:\/\/www.fiveguys.de\/wp-content\/uploads\/sites\/33\/2025\/09\/paper-bag-mobile.png\" width=\"323\" height=\"403\" alt=\"\" srcset=\"https:\/\/www.fiveguys.de\/wp-content\/uploads\/sites\/33\/2025\/09\/paper-bag-mobile.png 323w, https:\/\/www.fiveguys.de\/wp-content\/uploads\/sites\/33\/2025\/09\/paper-bag-mobile-240x300.png 240w\" sizes=\"auto, (max-width: 323px) 100vw, 323px\" \/><\/div><\/div><\/header>\n\n<section class=\"section section--split-media color-option-0\" data-comname=\"section-split-media-content\"><div class=\"wrap wrap--wide\"><div class=\"l-split-media l-split-media--end\"><div class=\"l-split-media-item l-split-media-item--content\"><div class=\"split-content-wrap color-option-1\">\n<div class=\"content-stack\">\n<h2 class=\"wp-block-heading\">Stell dir dein perfektes Five Guys Men\u00fc zusammen<\/h2>\n\n\n\n<p>Mit Online-Bestellungen bei Five Guys ist es einfacher denn je, Essensw\u00fcnsche zu erf\u00fcllen. Es gibt auch viele M\u00f6glichkeiten f\u00fcr die Online-Bestellung. Direkt auf unserer Webseite, \u00fcber unsere mobile App oder bei einem unserer Lieferpartner.\u00a0<\/p>\n<\/div>\n<\/div><\/div><div class=\"l-split-media-item l-split-media-item--graphic\"><img loading=\"lazy\" decoding=\"async\" class=\"split-media-feature-image split-media-feature-image--desktop wp-image wp-image-1606\" src=\"https:\/\/www.fiveguys.de\/wp-content\/uploads\/sites\/33\/2025\/07\/med-image-block.jpg\" width=\"585\" height=\"751\" alt=\"\" srcset=\"https:\/\/www.fiveguys.de\/wp-content\/uploads\/sites\/33\/2025\/07\/med-image-block.jpg 585w, https:\/\/www.fiveguys.de\/wp-content\/uploads\/sites\/33\/2025\/07\/med-image-block-234x300.jpg 234w, https:\/\/www.fiveguys.de\/wp-content\/uploads\/sites\/33\/2025\/07\/med-image-block-9x12.jpg 9w\" sizes=\"auto, (max-width: 585px) 100vw, 585px\" \/><\/div><\/div><\/div><\/section>\n\n<section class=\"section section--content section--medium color-option-0\" data-random-border-width=\"98rem\" data-comname=\"delivery-partners\"><div class=\"wrap wrap--normal\">\n<header class=\"section-header section-header--limited\">\n<h3 class=\"wp-block-heading\">Unsere Lieferpartner<\/h3>\n<\/header>\n\n\n\n<div class=\"content-stack\">\n<div class=\"wp-block-five-guys-blocks-logo-grid logo-grid-block\">\n<figure class=\"wp-block-image size-large\"><img loading=\"lazy\" decoding=\"async\" width=\"246\" height=\"76\" src=\"https:\/\/www.fiveguys.de\/wp-content\/uploads\/sites\/33\/2025\/09\/lieferando-logo.svg\" alt=\"\" class=\"wp-image-3584\"\/><\/figure>\n\n\n\n<figure class=\"wp-block-image size-large\"><img loading=\"lazy\" decoding=\"async\" width=\"223\" height=\"36\" src=\"https:\/\/www.fiveguys.de\/wp-content\/uploads\/sites\/33\/2025\/09\/Uber-Eats.svg\" alt=\"&#xDC;ber Eats\" class=\"wp-image-2842\"\/><\/figure>\n\n\n\n<figure class=\"wp-block-image size-large\"><img loading=\"lazy\" decoding=\"async\" width=\"159\" height=\"90\" src=\"https:\/\/www.fiveguys.de\/wp-content\/uploads\/sites\/33\/2025\/09\/Wolt-Logo.svg\" alt=\"\" class=\"wp-image-3582\"\/><\/figure>\n<\/div>\n<\/div>\n\n\n\n<footer class=\"section-footer section-header--limited\">\n<p>Die Lieferpartner sind je nach Region unterschiedlich und hier m\u00f6glicherweise nicht genannt.<\/p>\n<\/footer>\n<\/div><\/section>\n\n<section class=\"section section--split-media color-option-0\" data-comname=\"section-split-media-content\"><div class=\"wrap wrap--wide\"><div class=\"l-split-media l-split-media--start\"><div class=\"l-split-media-item l-split-media-item--content\"><div class=\"split-content-wrap color-option-1\">\n<div class=\"content-stack\">\n<h2 class=\"wp-block-heading\">Alles ist m\u00f6glich mit der<br\/>Five Guys App<\/h2>\n\n\n\n<p>Mit der mobilen Five Guys App ist Five Guys nur einen Klick entfernt. Du kannst Bestellungen im Voraus aufgeben, nach Herzenslust anpassen, deine Lieblingsbestellungen speichern, gro\u00dfe Bestellungen planen und vieles mehr.<\/p>\n\n\n\n<div class=\"wp-block-buttons is-content-justification-right is-layout-flex wp-container-core-buttons-is-layout-765c4724 wp-block-buttons-is-layout-flex\">\n<div class=\"wp-block-button\"><a class=\"wp-block-button__link wp-element-button\" href=\"https:\/\/www.fiveguys.de\/mobile-app\/\">App herunterladen<\/a><\/div>\n<\/div>\n<\/div>\n<\/div><\/div><div class=\"l-split-media-item l-split-media-item--graphic\"><img loading=\"lazy\" decoding=\"async\" class=\"split-media-feature-image split-media-feature-image--desktop wp-image wp-image-3120\" src=\"https:\/\/www.fiveguys.de\/wp-content\/uploads\/sites\/33\/2025\/09\/app-copy-1.png\" width=\"603\" height=\"754\" alt=\"\" srcset=\"https:\/\/www.fiveguys.de\/wp-content\/uploads\/sites\/33\/2025\/09\/app-copy-1.png 603w, https:\/\/www.fiveguys.de\/wp-content\/uploads\/sites\/33\/2025\/09\/app-copy-1-240x300.png 240w\" sizes=\"auto, (max-width: 603px) 100vw, 603px\" \/><\/div><\/div><\/div><\/section>\n\n<section class=\"section section--content section--medium color-option-0\" data-random-border-width=\"98rem\" data-comname=\"section-content\"><div class=\"wrap wrap--limited\">\n<header class=\"section-header section-header--limited\">\n<h3 class=\"wp-block-heading\">H\u00e4ufig gestellte Fragen zur Online-Bestellung<\/h3>\n<\/header>\n\n\n\n<div class=\"content-stack\">\n<div class=\"faqs-by-category-block wp-block-five-guys-blocks-faqs-by-category\">\n            <div class=\"js-accordion accordion-block\"\n            role=\"group\"\n            aria-label=\"Bestellen, Frequently Asked Questions.\">\n                                            \n                <h3 class=\"accordion-title\">\n                    <button type=\"button\">Bietet Five Guys Lieferservices?<\/button>\n                <\/h3>\n                \n                <div class=\"accordion-content\">\n                    <div class=\"content-stack\">\n                                                    Bietet Five Guys Lieferservices?\n\nJa. Wir bieten Five Guys-Lieferungen durch unsere Lieferpartner an: Just Eat und Deliveroo. Du kannst den n\u00e4chstgelegenen Standort finden hier um eine Bestellung \u00fcber ihre App aufzugeben. W\u00e4hle das entsprechende Partnersymbol auf der Lokal-Seite, um weitergeleitet zu werden. Warum bestellst du nicht eine Lieferung f\u00fcr die Tage, an denen du zu faul zum Kochen bist?                                            <\/div>\n                <\/div>\n                \n                                            \n                <h3 class=\"accordion-title\">\n                    <button type=\"button\">Warum muss ich noch warten, auch wenn ich im Voraus bestelle?<\/button>\n                <\/h3>\n                \n                <div class=\"accordion-content\">\n                    <div class=\"content-stack\">\n                                                    Wir wissen, dass es frustrierend sein kann, auf eine Online-Bestellung zu warten, aber dies ist normalerweise nur der Fall, wenn deine Bestellung Pommes enth\u00e4lt. Wir warten, bis du ankommst, um sicherzustellen, dass deine Pommes wirklich frisch sind!                                            <\/div>\n                <\/div>\n                \n                                            \n                <h3 class=\"accordion-title\">\n                    <button type=\"button\">Wie kann ich \u00fcber Click &amp; Collect bestellen?<\/button>\n                <\/h3>\n                \n                <div class=\"accordion-content\">\n                    <div class=\"content-stack\">\n                                                    Du kannst online vorbestellen und in der Filiale \u00fcber unseren Click &amp; Collect-Service abholen. Bestelle auf unserer Webseite oder \u00fcber unsere App hier, um die Warteschlange zu umgehen\u00a0\u2013 ideal, wenn du wirklich, wirklich hungrig bist und nicht warten kannst!                                            <\/div>\n                <\/div>\n                \n                    <\/div>\n    <\/div>\n\n<\/div>\n\n\n\n<footer class=\"section-footer section-header--limited\">\n<div class=\"wp-block-buttons is-content-justification-center is-layout-flex wp-container-core-buttons-is-layout-16018d1d wp-block-buttons-is-layout-flex\">\n<div class=\"wp-block-button is-style-outline is-style-outline--1\"><a class=\"wp-block-button__link wp-element-button\" href=\"https:\/\/www.fiveguys.de\/support-hub\/faqs\/\">Alle FAQs ansehen<\/a><\/div>\n<\/div>\n<\/footer>\n<\/div><\/section>\n\n<section class=\"section section--content section--medium is-header-disabled is-footer-disabled color-option-0 is-style-top-divider\" data-random-border-width=\"98rem\" data-comname=\"section-content\"><div class=\"wrap wrap--normal\">\n<header class=\"section-header section-header--limited\">\n<h2 class=\"wp-block-heading\"><\/h2>\n<\/header>\n\n\n\n<div class=\"content-stack\">\n<h2 class=\"wp-block-heading has-text-align-center\">Jetzt gerade hungrig?<\/h2>\n\n\n\n<div class=\"wp-block-buttons is-content-justification-center is-layout-flex wp-container-core-buttons-is-layout-16018d1d wp-block-buttons-is-layout-flex\">\n<div class=\"wp-block-button is-style-button--order-icon\"><a class=\"wp-block-button__link wp-element-button\" href=\"https:\/\/order.fiveguys.de\/findpostcode\">jetzt bestellen<\/a><\/div>\n<\/div>\n<\/div>\n\n\n\n<footer class=\"section-footer section-header--limited\">\n<p><\/p>\n<\/footer>\n<\/div><\/section>\n\n<section class=\"section section--column-page-cards color-option-0\" data-random-border-width=\"98rem\" data-comname=\"section-callout-card-columns\"><div class=\"wrap wrap--normal\">\n<div class=\"l-columns l-columns--2 l-columns--gap-normal l-columns--align-normal\">\n<div class=\"l-column-item\">\n<div class=\"card-page-callout\"><div class=\"card-page-callout-content\">\n<h2 class=\"wp-block-heading\">Unser Men\u00fc entdecken<\/h2>\n\n\n\n<p>Von handgeformten Burgern bis hin zu handger\u00fchrten Milkshakes und allem, was dazwischen liegt\u00a0\u2013 unser Men\u00fc ist immer frisch und auf individuelle Anpassung ausgerichtet.<\/p>\n\n\n\n<div class=\"wp-block-buttons is-layout-flex wp-block-buttons-is-layout-flex\">\n<div class=\"wp-block-button\"><a class=\"wp-block-button__link wp-element-button\" href=\"https:\/\/www.fiveguys.de\/de\/five-guys-speisenauswahl\/\">Komplette Speisenauswahl<\/a><\/div>\n<\/div>\n<\/div><div class=\"card-page-callout-thumb\"><img loading=\"lazy\" decoding=\"async\" class=\"wp-image wp-image-1571\" src=\"https:\/\/www.fiveguys.de\/wp-content\/uploads\/sites\/33\/2025\/07\/04-menu.jpg\" width=\"585\" height=\"403\" alt=\"\" srcset=\"https:\/\/www.fiveguys.de\/wp-content\/uploads\/sites\/33\/2025\/07\/04-menu.jpg 585w, https:\/\/www.fiveguys.de\/wp-content\/uploads\/sites\/33\/2025\/07\/04-menu-300x207.jpg 300w, https:\/\/www.fiveguys.de\/wp-content\/uploads\/sites\/33\/2025\/07\/04-menu-18x12.jpg 18w\" sizes=\"auto, (max-width: 585px) 100vw, 585px\" \/><\/div><\/div>\n<\/div>\n\n\n\n<div class=\"l-column-item\">\n<div class=\"card-page-callout\"><div class=\"card-page-callout-content\">\n<h2 class=\"wp-block-heading\">Der Hintergrund unserer Speisen<\/h2>\n\n\n\n<p>Hintergrundwissen dar\u00fcber, was die Magie von Five Guys ausmacht: von den Zutaten bis zu unserem systematischen Vorbereitungsverfahren.<\/p>\n\n\n\n<div class=\"wp-block-buttons is-layout-flex wp-block-buttons-is-layout-flex\">\n<div class=\"wp-block-button\"><a class=\"wp-block-button__link wp-element-button\" href=\"https:\/\/www.fiveguys.de\/de\/ueber-unser-essen\/\">\u00fcber unser Essen<\/a><\/div>\n<\/div>\n<\/div><div class=\"card-page-callout-thumb\"><img loading=\"lazy\" decoding=\"async\" class=\"wp-image wp-image-1098\" src=\"https:\/\/www.fiveguys.de\/wp-content\/uploads\/sites\/33\/2025\/07\/83d29463b59aeb2dbaf9fb1aef19108606075805-final.jpg\" width=\"1000\" height=\"667\" alt=\"\" srcset=\"https:\/\/www.fiveguys.de\/wp-content\/uploads\/sites\/33\/2025\/07\/83d29463b59aeb2dbaf9fb1aef19108606075805-final.jpg 1000w, https:\/\/www.fiveguys.de\/wp-content\/uploads\/sites\/33\/2025\/07\/83d29463b59aeb2dbaf9fb1aef19108606075805-final-300x200.jpg 300w, https:\/\/www.fiveguys.de\/wp-content\/uploads\/sites\/33\/2025\/07\/83d29463b59aeb2dbaf9fb1aef19108606075805-final-768x512.jpg 768w, https:\/\/www.fiveguys.de\/wp-content\/uploads\/sites\/33\/2025\/07\/83d29463b59aeb2dbaf9fb1aef19108606075805-final-18x12.jpg 18w\" sizes=\"auto, (max-width: 1000px) 100vw, 1000px\" \/><\/div><\/div>\n<\/div>\n<\/div>\n<\/div><\/section>\n","protected":false},"excerpt":{"rendered":"","protected":false},"author":2,"featured_media":0,"parent":0,"menu_order":36,"comment_status":"closed","ping_status":"closed","template":"","meta":{"_acf_changed":false,"footnotes":"","_wp_rev_ctl_limit":""},"class_list":["post-4691","page","type-page","status-publish","hentry"],"acf":[],"yoast_head":"<!-- This site is optimized with the Yoast SEO plugin v27.5 - https:\/\/yoast.com\/product\/yoast-seo-wordpress\/ -->\n<title>Online bestellen | Five Guys<\/title>\n<meta name=\"description\" content=\"Five Guys online zur Abholung oder Lieferung bestellen. Du kannst deine Speisen an deine W\u00fcnsche anpassen, deine Favoriten speichern und Zugang zu den besten Preisen und zeitlich begrenzten Angeboten erhalten.\" \/>\n<meta name=\"robots\" content=\"index, follow, max-snippet:-1, max-image-preview:large, max-video-preview:-1\" \/>\n<link rel=\"canonical\" href=\"https:\/\/www.fiveguys.de\/de\/online-bestellen\/\" \/>\n<meta property=\"og:locale\" content=\"de_DE\" \/>\n<meta property=\"og:type\" content=\"article\" \/>\n<meta property=\"og:title\" content=\"Online bestellen | Five Guys\" \/>\n<meta property=\"og:description\" content=\"Five Guys online zur Abholung oder Lieferung bestellen. Du kannst deine Speisen an deine W\u00fcnsche anpassen, deine Favoriten speichern und Zugang zu den besten Preisen und zeitlich begrenzten Angeboten erhalten.\" \/>\n<meta property=\"og:url\" content=\"https:\/\/www.fiveguys.de\/de\/online-bestellen\/\" \/>\n<meta property=\"og:site_name\" content=\"Five Guys\" \/>\n<meta property=\"article:publisher\" content=\"https:\/\/www.facebook.com\/fiveguys\/\" \/>\n<meta property=\"article:modified_time\" content=\"2026-03-17T19:49:02+00:00\" \/>\n<meta property=\"og:image\" content=\"https:\/\/www.fiveguys.de\/wp-content\/uploads\/sites\/33\/2025\/09\/bag-cup.png\" \/>\n<meta name=\"twitter:card\" content=\"summary_large_image\" \/>\n<meta name=\"twitter:site\" content=\"@FiveGuys\" \/>\n<meta name=\"twitter:label1\" content=\"Gesch\u00e4tzte Lesezeit\" \/>\n\t<meta name=\"twitter:data1\" content=\"1\u00a0Minute\" \/>\n<script type=\"application\/ld+json\" class=\"yoast-schema-graph\">{\"@context\":\"https:\\\/\\\/schema.org\",\"@graph\":[{\"@type\":\"WebPage\",\"@id\":\"https:\\\/\\\/www.fiveguys.de\\\/de\\\/online-bestellen\\\/\",\"url\":\"https:\\\/\\\/www.fiveguys.de\\\/de\\\/online-bestellen\\\/\",\"name\":\"Online bestellen | Five Guys\",\"isPartOf\":{\"@id\":\"https:\\\/\\\/www.fiveguys.de\\\/de\\\/#website\"},\"primaryImageOfPage\":{\"@id\":\"https:\\\/\\\/www.fiveguys.de\\\/de\\\/online-bestellen\\\/#primaryimage\"},\"image\":{\"@id\":\"https:\\\/\\\/www.fiveguys.de\\\/de\\\/online-bestellen\\\/#primaryimage\"},\"thumbnailUrl\":\"https:\\\/\\\/www.fiveguys.de\\\/wp-content\\\/uploads\\\/sites\\\/33\\\/2025\\\/09\\\/bag-cup.png\",\"datePublished\":\"2025-05-06T09:14:38+00:00\",\"dateModified\":\"2026-03-17T19:49:02+00:00\",\"description\":\"Five Guys online zur Abholung oder Lieferung bestellen. Du kannst deine Speisen an deine W\u00fcnsche anpassen, deine Favoriten speichern und Zugang zu den besten Preisen und zeitlich begrenzten Angeboten erhalten.\",\"breadcrumb\":{\"@id\":\"https:\\\/\\\/www.fiveguys.de\\\/de\\\/online-bestellen\\\/#breadcrumb\"},\"inLanguage\":\"de\",\"potentialAction\":[{\"@type\":\"ReadAction\",\"target\":[\"https:\\\/\\\/www.fiveguys.de\\\/de\\\/online-bestellen\\\/\"]}]},{\"@type\":\"ImageObject\",\"inLanguage\":\"de\",\"@id\":\"https:\\\/\\\/www.fiveguys.de\\\/de\\\/online-bestellen\\\/#primaryimage\",\"url\":\"https:\\\/\\\/www.fiveguys.de\\\/wp-content\\\/uploads\\\/sites\\\/33\\\/2025\\\/09\\\/bag-cup.png\",\"contentUrl\":\"https:\\\/\\\/www.fiveguys.de\\\/wp-content\\\/uploads\\\/sites\\\/33\\\/2025\\\/09\\\/bag-cup.png\"},{\"@type\":\"BreadcrumbList\",\"@id\":\"https:\\\/\\\/www.fiveguys.de\\\/de\\\/online-bestellen\\\/#breadcrumb\",\"itemListElement\":[{\"@type\":\"ListItem\",\"position\":1,\"name\":\"Home\",\"item\":\"https:\\\/\\\/www.fiveguys.de\\\/de\\\/\"},{\"@type\":\"ListItem\",\"position\":2,\"name\":\"Online bestellen\"}]},{\"@type\":\"WebSite\",\"@id\":\"https:\\\/\\\/www.fiveguys.de\\\/de\\\/#website\",\"url\":\"https:\\\/\\\/www.fiveguys.de\\\/de\\\/\",\"name\":\"Five Guys\",\"description\":\"Fresh Burgers, Fries, Shakes &amp; More!\",\"publisher\":{\"@id\":\"https:\\\/\\\/www.fiveguys.de\\\/de\\\/#organization\"},\"potentialAction\":[{\"@type\":\"SearchAction\",\"target\":{\"@type\":\"EntryPoint\",\"urlTemplate\":\"https:\\\/\\\/www.fiveguys.de\\\/de\\\/?s={search_term_string}\"},\"query-input\":{\"@type\":\"PropertyValueSpecification\",\"valueRequired\":true,\"valueName\":\"search_term_string\"}}],\"inLanguage\":\"de\"},{\"@type\":\"Organization\",\"@id\":\"https:\\\/\\\/www.fiveguys.de\\\/de\\\/#organization\",\"name\":\"Five Guys Enterprises, LLC\",\"alternateName\":\"Five Guys\",\"url\":\"https:\\\/\\\/www.fiveguys.de\\\/de\\\/\",\"logo\":{\"@type\":\"ImageObject\",\"inLanguage\":\"de\",\"@id\":\"https:\\\/\\\/www.fiveguys.de\\\/de\\\/#\\\/schema\\\/logo\\\/image\\\/\",\"url\":\"https:\\\/\\\/media.fiveguys.com\\\/us\\\/2024\\\/10\\\/favicon.png\",\"contentUrl\":\"https:\\\/\\\/media.fiveguys.com\\\/us\\\/2024\\\/10\\\/favicon.png\",\"width\":512,\"height\":512,\"caption\":\"Five Guys Enterprises, LLC\"},\"image\":{\"@id\":\"https:\\\/\\\/www.fiveguys.de\\\/de\\\/#\\\/schema\\\/logo\\\/image\\\/\"},\"sameAs\":[\"https:\\\/\\\/www.facebook.com\\\/fiveguys\\\/\",\"https:\\\/\\\/x.com\\\/FiveGuys\",\"https:\\\/\\\/open.spotify.com\\\/user\\\/xhjybu9z8yg6jucgxua7dhmqo\",\"https:\\\/\\\/www.instagram.com\\\/fiveguys\\\/\",\"https:\\\/\\\/www.linkedin.com\\\/company\\\/five-guys-enterprises\",\"https:\\\/\\\/www.youtube.com\\\/channel\\\/UCnPsCURqHlcoRt-Vr7nEaEg\"]}]}<\/script>\n<!-- \/ Yoast SEO plugin. -->","yoast_head_json":{"title":"Online bestellen | Five Guys","description":"Five Guys online zur Abholung oder Lieferung bestellen. Du kannst deine Speisen an deine W\u00fcnsche anpassen, deine Favoriten speichern und Zugang zu den besten Preisen und zeitlich begrenzten Angeboten erhalten.","robots":{"index":"index","follow":"follow","max-snippet":"max-snippet:-1","max-image-preview":"max-image-preview:large","max-video-preview":"max-video-preview:-1"},"canonical":"https:\/\/www.fiveguys.de\/de\/online-bestellen\/","og_locale":"de_DE","og_type":"article","og_title":"Online bestellen | Five Guys","og_description":"Five Guys online zur Abholung oder Lieferung bestellen. Du kannst deine Speisen an deine W\u00fcnsche anpassen, deine Favoriten speichern und Zugang zu den besten Preisen und zeitlich begrenzten Angeboten erhalten.","og_url":"https:\/\/www.fiveguys.de\/de\/online-bestellen\/","og_site_name":"Five Guys","article_publisher":"https:\/\/www.facebook.com\/fiveguys\/","article_modified_time":"2026-03-17T19:49:02+00:00","og_image":[{"url":"https:\/\/www.fiveguys.de\/wp-content\/uploads\/sites\/33\/2025\/09\/bag-cup.png","type":"","width":"","height":""}],"twitter_card":"summary_large_image","twitter_site":"@FiveGuys","twitter_misc":{"Gesch\u00e4tzte Lesezeit":"1\u00a0Minute"},"schema":{"@context":"https:\/\/schema.org","@graph":[{"@type":"WebPage","@id":"https:\/\/www.fiveguys.de\/de\/online-bestellen\/","url":"https:\/\/www.fiveguys.de\/de\/online-bestellen\/","name":"Online bestellen | Five Guys","isPartOf":{"@id":"https:\/\/www.fiveguys.de\/de\/#website"},"primaryImageOfPage":{"@id":"https:\/\/www.fiveguys.de\/de\/online-bestellen\/#primaryimage"},"image":{"@id":"https:\/\/www.fiveguys.de\/de\/online-bestellen\/#primaryimage"},"thumbnailUrl":"https:\/\/www.fiveguys.de\/wp-content\/uploads\/sites\/33\/2025\/09\/bag-cup.png","datePublished":"2025-05-06T09:14:38+00:00","dateModified":"2026-03-17T19:49:02+00:00","description":"Five Guys online zur Abholung oder Lieferung bestellen. Du kannst deine Speisen an deine W\u00fcnsche anpassen, deine Favoriten speichern und Zugang zu den besten Preisen und zeitlich begrenzten Angeboten erhalten.","breadcrumb":{"@id":"https:\/\/www.fiveguys.de\/de\/online-bestellen\/#breadcrumb"},"inLanguage":"de","potentialAction":[{"@type":"ReadAction","target":["https:\/\/www.fiveguys.de\/de\/online-bestellen\/"]}]},{"@type":"ImageObject","inLanguage":"de","@id":"https:\/\/www.fiveguys.de\/de\/online-bestellen\/#primaryimage","url":"https:\/\/www.fiveguys.de\/wp-content\/uploads\/sites\/33\/2025\/09\/bag-cup.png","contentUrl":"https:\/\/www.fiveguys.de\/wp-content\/uploads\/sites\/33\/2025\/09\/bag-cup.png"},{"@type":"BreadcrumbList","@id":"https:\/\/www.fiveguys.de\/de\/online-bestellen\/#breadcrumb","itemListElement":[{"@type":"ListItem","position":1,"name":"Home","item":"https:\/\/www.fiveguys.de\/de\/"},{"@type":"ListItem","position":2,"name":"Online bestellen"}]},{"@type":"WebSite","@id":"https:\/\/www.fiveguys.de\/de\/#website","url":"https:\/\/www.fiveguys.de\/de\/","name":"Five Guys","description":"Fresh Burgers, Fries, Shakes &amp; More!","publisher":{"@id":"https:\/\/www.fiveguys.de\/de\/#organization"},"potentialAction":[{"@type":"SearchAction","target":{"@type":"EntryPoint","urlTemplate":"https:\/\/www.fiveguys.de\/de\/?s={search_term_string}"},"query-input":{"@type":"PropertyValueSpecification","valueRequired":true,"valueName":"search_term_string"}}],"inLanguage":"de"},{"@type":"Organization","@id":"https:\/\/www.fiveguys.de\/de\/#organization","name":"Five Guys Enterprises, LLC","alternateName":"Five Guys","url":"https:\/\/www.fiveguys.de\/de\/","logo":{"@type":"ImageObject","inLanguage":"de","@id":"https:\/\/www.fiveguys.de\/de\/#\/schema\/logo\/image\/","url":"https:\/\/media.fiveguys.com\/us\/2024\/10\/favicon.png","contentUrl":"https:\/\/media.fiveguys.com\/us\/2024\/10\/favicon.png","width":512,"height":512,"caption":"Five Guys Enterprises, LLC"},"image":{"@id":"https:\/\/www.fiveguys.de\/de\/#\/schema\/logo\/image\/"},"sameAs":["https:\/\/www.facebook.com\/fiveguys\/","https:\/\/x.com\/FiveGuys","https:\/\/open.spotify.com\/user\/xhjybu9z8yg6jucgxua7dhmqo","https:\/\/www.instagram.com\/fiveguys\/","https:\/\/www.linkedin.com\/company\/five-guys-enterprises","https:\/\/www.youtube.com\/channel\/UCnPsCURqHlcoRt-Vr7nEaEg"]}]}},"_links":{"self":[{"href":"https:\/\/www.fiveguys.de\/de\/wp-json\/wp\/v2\/pages\/4691","targetHints":{"allow":["GET"]}}],"collection":[{"href":"https:\/\/www.fiveguys.de\/de\/wp-json\/wp\/v2\/pages"}],"about":[{"href":"https:\/\/www.fiveguys.de\/de\/wp-json\/wp\/v2\/types\/page"}],"author":[{"embeddable":true,"href":"https:\/\/www.fiveguys.de\/de\/wp-json\/wp\/v2\/users\/2"}],"replies":[{"embeddable":true,"href":"https:\/\/www.fiveguys.de\/de\/wp-json\/wp\/v2\/comments?post=4691"}],"version-history":[{"count":1,"href":"https:\/\/www.fiveguys.de\/de\/wp-json\/wp\/v2\/pages\/4691\/revisions"}],"predecessor-version":[{"id":4698,"href":"https:\/\/www.fiveguys.de\/de\/wp-json\/wp\/v2\/pages\/4691\/revisions\/4698"}],"wp:attachment":[{"href":"https:\/\/www.fiveguys.de\/de\/wp-json\/wp\/v2\/media?parent=4691"}],"curies":[{"name":"wp","href":"https:\/\/api.w.org\/{rel}","templated":true}]}}