
{"id":4751,"date":"2025-05-05T14:23:54","date_gmt":"2025-05-05T12:23:54","guid":{"rendered":"https:\/\/staging.fiveguys.de\/support-hub\/kontaktiere-uns\/"},"modified":"2026-03-17T20:50:02","modified_gmt":"2026-03-17T19:50:02","slug":"kontaktiere-uns","status":"publish","type":"page","link":"https:\/\/www.fiveguys.de\/de\/support-hub\/kontaktiere-uns\/","title":{"rendered":"Kontaktiere uns"},"content":{"rendered":"\n<header class=\"hero-media-banner hero-media-banner--media-overlay hero-media-banner--media-fit-cover hero-media-banner--media-align-center hero-media-banner--bkg-red section--has-paper-border\" data-random-border-width=\"98rem\" data-comname=\"hero-media-banner\"><div class=\"wrap wrap--wide\"><div class=\"l-media-banner\"><div class=\"l-media-banner-body\">\n<header class=\"hero-header section-header--limited\">\n<h1 class=\"wp-block-heading\">Kontaktiere uns<\/h1>\n<\/header>\n\n\n\n<div class=\"hero-content\">\n<p>M\u00f6chtest du dich melden?<br\/>Wir wollen von dir h\u00f6ren.<\/p>\n<\/div>\n<\/div><\/div><\/div><div class=\"l-media-banner-bkg\"><div class=\"hero-media-banner-bkg\"><img loading=\"lazy\" decoding=\"async\" class=\"hero-media-banner-bkg-image--desktop wp-image wp-image-1924\" src=\"https:\/\/www.fiveguys.de\/wp-content\/uploads\/sites\/33\/2025\/07\/01-hero-d-5.jpg\" width=\"726\" height=\"573\" alt=\"\" srcset=\"https:\/\/www.fiveguys.de\/wp-content\/uploads\/sites\/33\/2025\/07\/01-hero-d-5.jpg 726w, https:\/\/www.fiveguys.de\/wp-content\/uploads\/sites\/33\/2025\/07\/01-hero-d-5-300x237.jpg 300w, https:\/\/www.fiveguys.de\/wp-content\/uploads\/sites\/33\/2025\/07\/01-hero-d-5-15x12.jpg 15w\" sizes=\"auto, (max-width: 726px) 100vw, 726px\" \/><\/div><\/div><button type=\"button\" class=\"hero-button-down\"><svg fill=\"none\" height=\"56\" viewBox=\"0 0 56 56\" width=\"56\" xmlns=\"http:\/\/www.w3.org\/2000\/svg\"><circle cx=\"28\" cy=\"28\" fill=\"#d21033\" r=\"28\"><\/circle><g fill=\"#fff\"><path d=\"m37.4376 18.379c-.4833-.5053-1.2668-.5053-1.7501 0l-7.7873 8.1415-7.7876-8.1415c-.4833-.5053-1.2668-.5053-1.7501 0s-.4833 1.3243 0 1.8296l8.6625 9.0563c.2416.2525.5584.3788.8752.3788s.6333-.1263.8749-.3788l8.6625-9.0563c.4833-.5053.4833-1.3243 0-1.8296z\"><\/path><path d=\"m37.4376 29.379c-.4833-.5053-1.2668-.5053-1.7501 0l-7.7873 8.1415-7.7876-8.1415c-.4833-.5053-1.2668-.5053-1.7501 0s-.4833 1.3243 0 1.8296l8.6625 9.0563c.2416.2525.5584.3788.8752.3788s.6333-.1263.8749-.3788l8.6625-9.0563c.4833-.5053.4833-1.3243 0-1.8296z\"><\/path><\/g><\/svg><span class=\"vh\">Scroll Down<\/span><\/button><\/header>\n\n<section class=\"section section--content section--medium is-footer-disabled color-option-2 section--has-paper-border\" data-random-border-width=\"98rem\" data-comname=\"section-content\"><div class=\"wrap wrap--limited\">\n<header class=\"section-header section-header--limited\">\n<h2 class=\"wp-block-heading is-style-heading--divider\">Kontakt aufnehmen<\/h2>\n<\/header>\n\n\n\n<div class=\"content-stack\"><iframe loading=\"lazy\"\n      id=\"embed-questions-complaints-form\"\n      src=\"https:\/\/commentform.marketforce.com\/commentform\/fiveguys.aspx?languageid=1&#038;iframe=true\"\n      title=\"Comments and Concerns Form\"\n      frameborder=\"0\"\n      width=\"100%\"\n      height=\"750\"\n    >\n    <\/iframe>\n<\/div>\n\n\n\n<footer class=\"section-footer section-header--limited\">\n<p><\/p>\n<\/footer>\n<\/div><\/section>\n\n<section class=\"section section--content section--medium is-header-disabled is-footer-disabled color-option-1\" data-random-border-width=\"98rem\" data-comname=\"section-content\"><div class=\"wrap wrap--limited\">\n<header class=\"section-header section-header--limited\">\n<h2 class=\"wp-block-heading\"><\/h2>\n<\/header>\n\n\n\n<div class=\"content-stack\">\n<h3 class=\"wp-block-heading\">Unterst\u00fctzung vor Ort<\/h3>\n\n\n\n<p>Neumannstr.10, 40235 D\u00fcsseldorf<\/p>\n<\/div>\n\n\n\n<footer class=\"section-footer section-header--limited\">\n<p><\/p>\n<\/footer>\n<\/div><\/section>\n\n<section class=\"section section--content section--medium color-option-1 is-style-double-dividers\" data-random-border-width=\"98rem\" data-comname=\"section-content\"><div class=\"wrap wrap--limited\">\n<header class=\"section-header section-header--limited\">\n<h3 class=\"wp-block-heading\">Die beliebtesten Fragen<\/h3>\n<\/header>\n\n\n\n<div class=\"content-stack\">\n<div class=\"faqs-by-category-block wp-block-five-guys-blocks-faqs-by-category\">\n            <div class=\"js-accordion accordion-block\"\n            role=\"group\"\n            aria-label=\"Kontaktiere uns, Frequently Asked Questions.\">\n                                            \n                <h3 class=\"accordion-title\">\n                    <button type=\"button\">Kann ich euch ein cooles Foto schicken, das ich von Five Guys oder meinem Besuch gemacht habe?<\/button>\n                <\/h3>\n                \n                <div class=\"accordion-content\">\n                    <div class=\"content-stack\">\n                                                    Absolut! Wir sehen gerne, wie unsere Kunden unser Essen genie\u00dfen.\n\nMarkiere uns einfach in einem Social-Media-Beitrag. Wir sind auf Instagram, Facebook und TikTok.                                            <\/div>\n                <\/div>\n                \n                                            \n                <h3 class=\"accordion-title\">\n                    <button type=\"button\">Wie kann ich eine Kundenbefragung ausf\u00fcllen?<\/button>\n                <\/h3>\n                \n                <div class=\"accordion-content\">\n                    <div class=\"content-stack\">\n                                                    Wie kontaktiere ich die Five Guys-Zentrale in Deutschland?\n\nSchreib uns einfach \u00fcber unsere Kontaktseite unter \u201eKundenfeedback\u201c und wir melden uns bei dir. Ein Mitglied des Teams wird sich so bald wie m\u00f6glich mit dir in Verbindung setzen.                                            <\/div>\n                <\/div>\n                \n                    <\/div>\n    <\/div>\n\n<\/div>\n\n\n\n<footer class=\"section-footer section-header--limited\">\n<div class=\"wp-block-buttons is-content-justification-center is-layout-flex wp-container-core-buttons-is-layout-16018d1d wp-block-buttons-is-layout-flex\">\n<div class=\"wp-block-button\"><a class=\"wp-block-button__link wp-element-button\" href=\"\/frequently-asked-questions\/\">ALLE FAQS ANSEHEN<\/a><\/div>\n<\/div>\n<\/footer>\n<\/div><\/section>\n\n<section class=\"section section--block-group section--medium color-option-0 is-style-default\" data-random-border-width=\"98rem\">\n<header class=\"section-header section-header--limited\">\n<h3 class=\"wp-block-heading is-style-default\">Suchst du etwas Anderes?<\/h3>\n<\/header>\n\n\n\n<div class=\"section-blocks\">\n<section class=\"section section--column-page-cards section--no-padding color-option-1\" data-random-border-width=\"98rem\" data-comname=\"section-grid-cta-cards\"><div class=\"wrap wrap--normal\">\n<div class=\"l-columns l-columns--4 l-columns--gap-normal l-columns--align-normal\">\n<div class=\"l-column-item\">\n<div class=\"card-cta has-background-image\"><img loading=\"lazy\" decoding=\"async\" class=\"card-cta-bkg wp-image wp-image-1929\" src=\"https:\/\/www.fiveguys.de\/wp-content\/uploads\/sites\/33\/2025\/07\/04-supporthub.jpg\" width=\"686\" height=\"520\" aria-hidden=\"true\" draggable=\"false\" alt=\"\" srcset=\"https:\/\/www.fiveguys.de\/wp-content\/uploads\/sites\/33\/2025\/07\/04-supporthub.jpg 686w, https:\/\/www.fiveguys.de\/wp-content\/uploads\/sites\/33\/2025\/07\/04-supporthub-300x227.jpg 300w, https:\/\/www.fiveguys.de\/wp-content\/uploads\/sites\/33\/2025\/07\/04-supporthub-16x12.jpg 16w\" sizes=\"auto, (max-width: 686px) 100vw, 686px\" \/><div class=\"card-cta-inner\">\n<div class=\"wp-block-buttons is-content-justification-center is-layout-flex wp-container-core-buttons-is-layout-16018d1d wp-block-buttons-is-layout-flex\">\n<div class=\"wp-block-button is-style-button--white\"><a class=\"wp-block-button__link wp-element-button\" href=\"https:\/\/www.fiveguys.de\/de\/support-hub\/\">Support Hub<\/a><\/div>\n<\/div>\n<\/div><\/div>\n<\/div>\n\n\n\n<div class=\"l-column-item\">\n<div class=\"card-cta has-background-image\"><img loading=\"lazy\" decoding=\"async\" class=\"card-cta-bkg wp-image wp-image-1927\" src=\"https:\/\/www.fiveguys.de\/wp-content\/uploads\/sites\/33\/2025\/07\/04-newsletter-1.jpg\" width=\"686\" height=\"520\" aria-hidden=\"true\" draggable=\"false\" alt=\"\" srcset=\"https:\/\/www.fiveguys.de\/wp-content\/uploads\/sites\/33\/2025\/07\/04-newsletter-1.jpg 686w, https:\/\/www.fiveguys.de\/wp-content\/uploads\/sites\/33\/2025\/07\/04-newsletter-1-300x227.jpg 300w, https:\/\/www.fiveguys.de\/wp-content\/uploads\/sites\/33\/2025\/07\/04-newsletter-1-16x12.jpg 16w\" sizes=\"auto, (max-width: 686px) 100vw, 686px\" \/><div class=\"card-cta-inner\">\n<div class=\"wp-block-buttons is-content-justification-center is-layout-flex wp-container-core-buttons-is-layout-16018d1d wp-block-buttons-is-layout-flex\">\n<div class=\"wp-block-button is-style-button--white\"><a class=\"wp-block-button__link wp-element-button\" href=\"https:\/\/www.fiveguys.de\/de\/newsletter\/\">Newsletter<\/a><\/div>\n<\/div>\n<\/div><\/div>\n<\/div>\n\n\n\n<div class=\"l-column-item\">\n<div class=\"card-cta has-background-image\"><img loading=\"lazy\" decoding=\"async\" class=\"card-cta-bkg wp-image wp-image-3527\" src=\"https:\/\/www.fiveguys.de\/wp-content\/uploads\/sites\/33\/2025\/09\/Rectangle-421-1.jpg\" width=\"345\" height=\"260\" aria-hidden=\"true\" draggable=\"false\" alt=\"\" srcset=\"https:\/\/www.fiveguys.de\/wp-content\/uploads\/sites\/33\/2025\/09\/Rectangle-421-1.jpg 345w, https:\/\/www.fiveguys.de\/wp-content\/uploads\/sites\/33\/2025\/09\/Rectangle-421-1-300x226.jpg 300w\" sizes=\"auto, (max-width: 345px) 100vw, 345px\" \/><div class=\"card-cta-inner\">\n<div class=\"wp-block-buttons is-content-justification-center is-layout-flex wp-container-core-buttons-is-layout-16018d1d wp-block-buttons-is-layout-flex\">\n<div class=\"wp-block-button is-style-button--white\"><a class=\"wp-block-button__link wp-element-button\" href=\"https:\/\/www.fiveguys.de\/?page_id=576\">H\u00e4ufig gestellte Fragen<\/a><\/div>\n<\/div>\n<\/div><\/div>\n<\/div>\n\n\n\n<div class=\"l-column-item\">\n<div class=\"card-cta has-background-image\"><img loading=\"lazy\" decoding=\"async\" class=\"card-cta-bkg wp-image wp-image-3529\" src=\"https:\/\/www.fiveguys.de\/wp-content\/uploads\/sites\/33\/2025\/09\/Plaza-Sing-1.png\" width=\"345\" height=\"260\" aria-hidden=\"true\" draggable=\"false\" alt=\"\" srcset=\"https:\/\/www.fiveguys.de\/wp-content\/uploads\/sites\/33\/2025\/09\/Plaza-Sing-1.png 345w, https:\/\/www.fiveguys.de\/wp-content\/uploads\/sites\/33\/2025\/09\/Plaza-Sing-1-300x226.png 300w\" sizes=\"auto, (max-width: 345px) 100vw, 345px\" \/><div class=\"card-cta-inner\">\n<div class=\"wp-block-buttons is-content-justification-center is-layout-flex wp-container-core-buttons-is-layout-16018d1d wp-block-buttons-is-layout-flex\">\n<div class=\"wp-block-button is-style-button--white\"><a class=\"wp-block-button__link wp-element-button\" href=\"https:\/\/www.fiveguys.de\/?page_id=578\">Ern\u00e4hrung und Allergene<\/a><\/div>\n<\/div>\n<\/div><\/div>\n<\/div>\n<\/div>\n<\/div><\/section>\n<\/div>\n<\/section>\n","protected":false},"excerpt":{"rendered":"","protected":false},"author":2,"featured_media":0,"parent":4744,"menu_order":33,"comment_status":"closed","ping_status":"closed","template":"","meta":{"_acf_changed":false,"footnotes":"","_wp_rev_ctl_limit":""},"class_list":["post-4751","page","type-page","status-publish","hentry"],"acf":[],"yoast_head":"<!-- This site is optimized with the Yoast SEO plugin v27.5 - https:\/\/yoast.com\/product\/yoast-seo-wordpress\/ -->\n<title>Kontaktiere uns | Five Guys<\/title>\n<meta name=\"description\" content=\"Fragen, Kommentare, Unterst\u00fctzung? Das Five Guys Team steht f\u00fcr Kundenservice, Feedback oder allgemeine Anfragen zur Verf\u00fcgung.\" \/>\n<meta name=\"robots\" content=\"index, follow, max-snippet:-1, max-image-preview:large, max-video-preview:-1\" \/>\n<link rel=\"canonical\" href=\"https:\/\/www.fiveguys.de\/de\/support-hub\/kontaktiere-uns\/\" \/>\n<meta property=\"og:locale\" content=\"de_DE\" \/>\n<meta property=\"og:type\" content=\"article\" \/>\n<meta property=\"og:title\" content=\"Kontaktiere uns | Five Guys\" \/>\n<meta property=\"og:description\" content=\"Fragen, Kommentare, Unterst\u00fctzung? Das Five Guys Team steht f\u00fcr Kundenservice, Feedback oder allgemeine Anfragen zur Verf\u00fcgung.\" \/>\n<meta property=\"og:url\" content=\"https:\/\/www.fiveguys.de\/de\/support-hub\/kontaktiere-uns\/\" \/>\n<meta property=\"og:site_name\" content=\"Five Guys\" \/>\n<meta property=\"article:publisher\" content=\"https:\/\/www.facebook.com\/fiveguys\/\" \/>\n<meta property=\"article:modified_time\" content=\"2026-03-17T19:50:02+00:00\" \/>\n<meta property=\"og:image\" content=\"https:\/\/www.fiveguys.de\/wp-content\/uploads\/sites\/33\/2025\/07\/01-hero-d-5.jpg\" \/>\n<meta name=\"twitter:card\" content=\"summary_large_image\" \/>\n<meta name=\"twitter:site\" content=\"@FiveGuys\" \/>\n<script type=\"application\/ld+json\" class=\"yoast-schema-graph\">{\"@context\":\"https:\\\/\\\/schema.org\",\"@graph\":[{\"@type\":\"WebPage\",\"@id\":\"https:\\\/\\\/www.fiveguys.de\\\/de\\\/support-hub\\\/kontaktiere-uns\\\/\",\"url\":\"https:\\\/\\\/www.fiveguys.de\\\/de\\\/support-hub\\\/kontaktiere-uns\\\/\",\"name\":\"Kontaktiere uns | Five Guys\",\"isPartOf\":{\"@id\":\"https:\\\/\\\/www.fiveguys.de\\\/de\\\/#website\"},\"primaryImageOfPage\":{\"@id\":\"https:\\\/\\\/www.fiveguys.de\\\/de\\\/support-hub\\\/kontaktiere-uns\\\/#primaryimage\"},\"image\":{\"@id\":\"https:\\\/\\\/www.fiveguys.de\\\/de\\\/support-hub\\\/kontaktiere-uns\\\/#primaryimage\"},\"thumbnailUrl\":\"https:\\\/\\\/www.fiveguys.de\\\/wp-content\\\/uploads\\\/sites\\\/33\\\/2025\\\/07\\\/01-hero-d-5.jpg\",\"datePublished\":\"2025-05-05T12:23:54+00:00\",\"dateModified\":\"2026-03-17T19:50:02+00:00\",\"description\":\"Fragen, Kommentare, Unterst\u00fctzung? Das Five Guys Team steht f\u00fcr Kundenservice, Feedback oder allgemeine Anfragen zur Verf\u00fcgung.\",\"breadcrumb\":{\"@id\":\"https:\\\/\\\/www.fiveguys.de\\\/de\\\/support-hub\\\/kontaktiere-uns\\\/#breadcrumb\"},\"inLanguage\":\"de\",\"potentialAction\":[{\"@type\":\"ReadAction\",\"target\":[\"https:\\\/\\\/www.fiveguys.de\\\/de\\\/support-hub\\\/kontaktiere-uns\\\/\"]}]},{\"@type\":\"ImageObject\",\"inLanguage\":\"de\",\"@id\":\"https:\\\/\\\/www.fiveguys.de\\\/de\\\/support-hub\\\/kontaktiere-uns\\\/#primaryimage\",\"url\":\"https:\\\/\\\/www.fiveguys.de\\\/wp-content\\\/uploads\\\/sites\\\/33\\\/2025\\\/07\\\/01-hero-d-5.jpg\",\"contentUrl\":\"https:\\\/\\\/www.fiveguys.de\\\/wp-content\\\/uploads\\\/sites\\\/33\\\/2025\\\/07\\\/01-hero-d-5.jpg\"},{\"@type\":\"BreadcrumbList\",\"@id\":\"https:\\\/\\\/www.fiveguys.de\\\/de\\\/support-hub\\\/kontaktiere-uns\\\/#breadcrumb\",\"itemListElement\":[{\"@type\":\"ListItem\",\"position\":1,\"name\":\"Home\",\"item\":\"https:\\\/\\\/www.fiveguys.de\\\/de\\\/\"},{\"@type\":\"ListItem\",\"position\":2,\"name\":\"Support Hub\",\"item\":\"https:\\\/\\\/www.fiveguys.de\\\/de\\\/support-hub\\\/\"},{\"@type\":\"ListItem\",\"position\":3,\"name\":\"Kontaktiere uns\"}]},{\"@type\":\"WebSite\",\"@id\":\"https:\\\/\\\/www.fiveguys.de\\\/de\\\/#website\",\"url\":\"https:\\\/\\\/www.fiveguys.de\\\/de\\\/\",\"name\":\"Five Guys\",\"description\":\"Fresh Burgers, Fries, Shakes &amp; More!\",\"publisher\":{\"@id\":\"https:\\\/\\\/www.fiveguys.de\\\/de\\\/#organization\"},\"potentialAction\":[{\"@type\":\"SearchAction\",\"target\":{\"@type\":\"EntryPoint\",\"urlTemplate\":\"https:\\\/\\\/www.fiveguys.de\\\/de\\\/?s={search_term_string}\"},\"query-input\":{\"@type\":\"PropertyValueSpecification\",\"valueRequired\":true,\"valueName\":\"search_term_string\"}}],\"inLanguage\":\"de\"},{\"@type\":\"Organization\",\"@id\":\"https:\\\/\\\/www.fiveguys.de\\\/de\\\/#organization\",\"name\":\"Five Guys Enterprises, LLC\",\"alternateName\":\"Five Guys\",\"url\":\"https:\\\/\\\/www.fiveguys.de\\\/de\\\/\",\"logo\":{\"@type\":\"ImageObject\",\"inLanguage\":\"de\",\"@id\":\"https:\\\/\\\/www.fiveguys.de\\\/de\\\/#\\\/schema\\\/logo\\\/image\\\/\",\"url\":\"https:\\\/\\\/media.fiveguys.com\\\/us\\\/2024\\\/10\\\/favicon.png\",\"contentUrl\":\"https:\\\/\\\/media.fiveguys.com\\\/us\\\/2024\\\/10\\\/favicon.png\",\"width\":512,\"height\":512,\"caption\":\"Five Guys Enterprises, LLC\"},\"image\":{\"@id\":\"https:\\\/\\\/www.fiveguys.de\\\/de\\\/#\\\/schema\\\/logo\\\/image\\\/\"},\"sameAs\":[\"https:\\\/\\\/www.facebook.com\\\/fiveguys\\\/\",\"https:\\\/\\\/x.com\\\/FiveGuys\",\"https:\\\/\\\/open.spotify.com\\\/user\\\/xhjybu9z8yg6jucgxua7dhmqo\",\"https:\\\/\\\/www.instagram.com\\\/fiveguys\\\/\",\"https:\\\/\\\/www.linkedin.com\\\/company\\\/five-guys-enterprises\",\"https:\\\/\\\/www.youtube.com\\\/channel\\\/UCnPsCURqHlcoRt-Vr7nEaEg\"]}]}<\/script>\n<!-- \/ Yoast SEO plugin. -->","yoast_head_json":{"title":"Kontaktiere uns | Five Guys","description":"Fragen, Kommentare, Unterst\u00fctzung? Das Five Guys Team steht f\u00fcr Kundenservice, Feedback oder allgemeine Anfragen zur Verf\u00fcgung.","robots":{"index":"index","follow":"follow","max-snippet":"max-snippet:-1","max-image-preview":"max-image-preview:large","max-video-preview":"max-video-preview:-1"},"canonical":"https:\/\/www.fiveguys.de\/de\/support-hub\/kontaktiere-uns\/","og_locale":"de_DE","og_type":"article","og_title":"Kontaktiere uns | Five Guys","og_description":"Fragen, Kommentare, Unterst\u00fctzung? Das Five Guys Team steht f\u00fcr Kundenservice, Feedback oder allgemeine Anfragen zur Verf\u00fcgung.","og_url":"https:\/\/www.fiveguys.de\/de\/support-hub\/kontaktiere-uns\/","og_site_name":"Five Guys","article_publisher":"https:\/\/www.facebook.com\/fiveguys\/","article_modified_time":"2026-03-17T19:50:02+00:00","og_image":[{"url":"https:\/\/www.fiveguys.de\/wp-content\/uploads\/sites\/33\/2025\/07\/01-hero-d-5.jpg","type":"","width":"","height":""}],"twitter_card":"summary_large_image","twitter_site":"@FiveGuys","schema":{"@context":"https:\/\/schema.org","@graph":[{"@type":"WebPage","@id":"https:\/\/www.fiveguys.de\/de\/support-hub\/kontaktiere-uns\/","url":"https:\/\/www.fiveguys.de\/de\/support-hub\/kontaktiere-uns\/","name":"Kontaktiere uns | Five Guys","isPartOf":{"@id":"https:\/\/www.fiveguys.de\/de\/#website"},"primaryImageOfPage":{"@id":"https:\/\/www.fiveguys.de\/de\/support-hub\/kontaktiere-uns\/#primaryimage"},"image":{"@id":"https:\/\/www.fiveguys.de\/de\/support-hub\/kontaktiere-uns\/#primaryimage"},"thumbnailUrl":"https:\/\/www.fiveguys.de\/wp-content\/uploads\/sites\/33\/2025\/07\/01-hero-d-5.jpg","datePublished":"2025-05-05T12:23:54+00:00","dateModified":"2026-03-17T19:50:02+00:00","description":"Fragen, Kommentare, Unterst\u00fctzung? Das Five Guys Team steht f\u00fcr Kundenservice, Feedback oder allgemeine Anfragen zur Verf\u00fcgung.","breadcrumb":{"@id":"https:\/\/www.fiveguys.de\/de\/support-hub\/kontaktiere-uns\/#breadcrumb"},"inLanguage":"de","potentialAction":[{"@type":"ReadAction","target":["https:\/\/www.fiveguys.de\/de\/support-hub\/kontaktiere-uns\/"]}]},{"@type":"ImageObject","inLanguage":"de","@id":"https:\/\/www.fiveguys.de\/de\/support-hub\/kontaktiere-uns\/#primaryimage","url":"https:\/\/www.fiveguys.de\/wp-content\/uploads\/sites\/33\/2025\/07\/01-hero-d-5.jpg","contentUrl":"https:\/\/www.fiveguys.de\/wp-content\/uploads\/sites\/33\/2025\/07\/01-hero-d-5.jpg"},{"@type":"BreadcrumbList","@id":"https:\/\/www.fiveguys.de\/de\/support-hub\/kontaktiere-uns\/#breadcrumb","itemListElement":[{"@type":"ListItem","position":1,"name":"Home","item":"https:\/\/www.fiveguys.de\/de\/"},{"@type":"ListItem","position":2,"name":"Support Hub","item":"https:\/\/www.fiveguys.de\/de\/support-hub\/"},{"@type":"ListItem","position":3,"name":"Kontaktiere uns"}]},{"@type":"WebSite","@id":"https:\/\/www.fiveguys.de\/de\/#website","url":"https:\/\/www.fiveguys.de\/de\/","name":"Five Guys","description":"Fresh Burgers, Fries, Shakes &amp; More!","publisher":{"@id":"https:\/\/www.fiveguys.de\/de\/#organization"},"potentialAction":[{"@type":"SearchAction","target":{"@type":"EntryPoint","urlTemplate":"https:\/\/www.fiveguys.de\/de\/?s={search_term_string}"},"query-input":{"@type":"PropertyValueSpecification","valueRequired":true,"valueName":"search_term_string"}}],"inLanguage":"de"},{"@type":"Organization","@id":"https:\/\/www.fiveguys.de\/de\/#organization","name":"Five Guys Enterprises, LLC","alternateName":"Five Guys","url":"https:\/\/www.fiveguys.de\/de\/","logo":{"@type":"ImageObject","inLanguage":"de","@id":"https:\/\/www.fiveguys.de\/de\/#\/schema\/logo\/image\/","url":"https:\/\/media.fiveguys.com\/us\/2024\/10\/favicon.png","contentUrl":"https:\/\/media.fiveguys.com\/us\/2024\/10\/favicon.png","width":512,"height":512,"caption":"Five Guys Enterprises, LLC"},"image":{"@id":"https:\/\/www.fiveguys.de\/de\/#\/schema\/logo\/image\/"},"sameAs":["https:\/\/www.facebook.com\/fiveguys\/","https:\/\/x.com\/FiveGuys","https:\/\/open.spotify.com\/user\/xhjybu9z8yg6jucgxua7dhmqo","https:\/\/www.instagram.com\/fiveguys\/","https:\/\/www.linkedin.com\/company\/five-guys-enterprises","https:\/\/www.youtube.com\/channel\/UCnPsCURqHlcoRt-Vr7nEaEg"]}]}},"_links":{"self":[{"href":"https:\/\/www.fiveguys.de\/de\/wp-json\/wp\/v2\/pages\/4751","targetHints":{"allow":["GET"]}}],"collection":[{"href":"https:\/\/www.fiveguys.de\/de\/wp-json\/wp\/v2\/pages"}],"about":[{"href":"https:\/\/www.fiveguys.de\/de\/wp-json\/wp\/v2\/types\/page"}],"author":[{"embeddable":true,"href":"https:\/\/www.fiveguys.de\/de\/wp-json\/wp\/v2\/users\/2"}],"replies":[{"embeddable":true,"href":"https:\/\/www.fiveguys.de\/de\/wp-json\/wp\/v2\/comments?post=4751"}],"version-history":[{"count":2,"href":"https:\/\/www.fiveguys.de\/de\/wp-json\/wp\/v2\/pages\/4751\/revisions"}],"predecessor-version":[{"id":4783,"href":"https:\/\/www.fiveguys.de\/de\/wp-json\/wp\/v2\/pages\/4751\/revisions\/4783"}],"up":[{"embeddable":true,"href":"https:\/\/www.fiveguys.de\/de\/wp-json\/wp\/v2\/pages\/4744"}],"wp:attachment":[{"href":"https:\/\/www.fiveguys.de\/de\/wp-json\/wp\/v2\/media?parent=4751"}],"curies":[{"name":"wp","href":"https:\/\/api.w.org\/{rel}","templated":true}]}}